{"id":52,"date":"2025-03-23T17:07:20","date_gmt":"2025-03-23T17:07:20","guid":{"rendered":"http:\/\/aikidojo-stuttgart.test\/?page_id=52"},"modified":"2026-01-22T21:06:38","modified_gmt":"2026-01-22T20:06:38","slug":"training","status":"publish","type":"page","link":"https:\/\/aikidojo-stuttgart.de\/en\/training\/","title":{"rendered":"Training"},"content":{"rendered":"<h1 class=\"wp-block-heading\">Wir trainieren in der Altenburg Gemeinschaftsschule.<\/h1>\n\n\n\n<div class=\"wp-block-columns is-layout-flex wp-container-core-columns-is-layout-28f84493 wp-block-columns-is-layout-flex\">\n<div class=\"wp-block-column is-layout-flow wp-block-column-is-layout-flow\">\n<h3 class=\"wp-block-heading\">Trainingsort<\/h3>\n\n\n\n<p>Wir trainieren in der wundersch\u00f6nen Turnhalle der Altenburg Gemeinschaftsschule. Die Schule ist unweit vom R\u00f6merkastell und gut mit der U6, U13 (Haltestelle Glockenstr.) &amp; U12 (Haltestelle Z\u00fcricher Str.) zu erreichen.<\/p>\n\n\n\n<p><a href=\"https:\/\/altenburg-gms.de\/\">Altenburg Gemeinschaftsschule<\/a><br>Auf der Altenburg 10<br>70376 Stuttgart&nbsp;<\/p>\n\n\n\n<h4 class=\"wp-block-heading\">Anfahrt mit \u00f6ffentlichen Verkehrsmitteln<\/h4>\n\n\n\n<p>Mit der Linie U6 oder U13 bis Haltestelle Glockenstr., von dort ca. 5 min zu Fu\u00df, alternativ mit den Linien U12 bis Haltestelle Z\u00fcricher Str., dem Bus 52 oder 56 bis zur Haltestelle Altenburg, von dort ca. 5 min zu Fu\u00df<\/p>\n\n\n\n<h4 class=\"wp-block-heading\">Anfahrt mit dem PKW <\/h4>\n\n\n\n<p class=\"is-style-default\">Parkm\u00f6glichkeiten auf dem Parkplatz des R\u00f6merkastells. Die Schule hat keinen eigenen Parkplatz.<\/p>\n<\/div>\n\n\n\n<div class=\"wp-block-column is-layout-flow wp-block-column-is-layout-flow\">\n<iframe src=\"https:\/\/www.google.com\/maps\/embed?pb=!1m18!1m12!1m3!1d2627.472122695031!2d9.205089375311683!3d48.811052704038175!2m3!1f0!2f0!3f0!3m2!1i1024!2i768!4f13.1!3m3!1m2!1s0x4799c539e9c73375%3A0x12a91ea59cd01708!2sAuf%20d.%20Altenburg%2010%2C%2070376%20Stuttgart!5e0!3m2!1sen!2sde!4v1742480643429!5m2!1sen!2sde\" width=\"600\" style=\"max-width:100%;border:0;\" height=\"450\" allowfullscreen=\"\" loading=\"lazy\" referrerpolicy=\"no-referrer-when-downgrade\"><\/iframe>\n\n\n\n<figure class=\"wp-block-image size-full\"><img loading=\"lazy\" decoding=\"async\" width=\"341\" height=\"341\" src=\"http:\/\/aikidojo-stuttgart.de\/wp-content\/uploads\/2025\/04\/Altenburg_logo_Kreis.png\" alt=\"Gr\u00fcner runder Aufkleber mit einer wei\u00dfen Illustration eines Geb\u00e4udes mit Kuppel oben. Darunter steht der Text: &quot;ALTENBURG GEMEINSCHAFTS SCHULE STUTTGART&quot;. Die untere rechte Ecke des Aufklebers scheint leicht abgezogen zu sein und zeigt eine wei\u00dfe Unterseite.\" class=\"wp-image-24\" srcset=\"https:\/\/aikidojo-stuttgart.de\/wp-content\/uploads\/2025\/04\/Altenburg_logo_Kreis.png 341w, https:\/\/aikidojo-stuttgart.de\/wp-content\/uploads\/2025\/04\/Altenburg_logo_Kreis-300x300.png 300w, https:\/\/aikidojo-stuttgart.de\/wp-content\/uploads\/2025\/04\/Altenburg_logo_Kreis-150x150.png 150w\" sizes=\"auto, (max-width: 341px) 100vw, 341px\" \/><\/figure>\n<\/div>\n<\/div>\n\n\n\n<div class=\"wp-block-columns is-layout-flex wp-container-core-columns-is-layout-28f84493 wp-block-columns-is-layout-flex\">\n<div class=\"wp-block-column is-layout-flow wp-block-column-is-layout-flow\">\n<h2 class=\"wp-block-heading\">Komm zum Aikido-Training im Aikidojo Stuttgart<\/h2>\n\n\n\n<p>Wir treffen derzeit an drei Abenden in der Woche:&nbsp;<br><\/p>\n\n\n\n<ul class=\"wp-block-list\">\n<li>Dienstags 19:15-20:15 und 20:15 &#8211; 21:15<\/li>\n\n\n\n<li>Freitags 19:15 bis 21:45 <\/li>\n\n\n\n<li>Montags (freies Training &amp; Pr\u00fcfungsvorbereitung) 20.15 bis 21:45 <\/li>\n<\/ul>\n\n\n\n<iframe loading=\"lazy\" src=\"https:\/\/calendar.google.com\/calendar\/embed?height=600&#038;wkst=2&#038;ctz=Europe%2FBerlin&#038;showPrint=0&#038;showCalendars=0&#038;showTabs=0&#038;src=NGQyNWE0YjI0ZmFjNzk1NGVhNTZkZTBjZDFiNWNiOWI3YjMzMTY3YTZmMzJhNWYxNDEzYjZmYjE3OWY5NGJkN0Bncm91cC5jYWxlbmRhci5nb29nbGUuY29t&#038;src=YjIxYjcxYmM0NjY2Y2U5ZDNkNWNmNTk2MDM4YjE4MTM5ZDAzZmYyOGE5OTYyZDEwOTlkNjY2YmEyODViZjExY0Bncm91cC5jYWxlbmRhci5nb29nbGUuY29t&#038;src=ZGUuZ2VybWFuI2hvbGlkYXlAZ3JvdXAudi5jYWxlbmRhci5nb29nbGUuY29t&#038;color=%23AD1457&#038;color=%23E67C73&#038;color=%230B8043\" style=\"border:solid 1px #777;max-width:100%;\" width=\"800\" height=\"600\" frameborder=\"0\" scrolling=\"no\"><\/iframe>\n\n\n\n<p>Kein Training an Feiertagen &amp; Schulferien.<br>Die Umkleiden befinden sich im UG, der Trainingsraum im 1. OG links.<br>Bitte seid sp\u00e4testens 15 min vor Trainingsbeginn fertig umgezogen vor der T\u00fcr des Trainingsraums zum gemeinsamen Matten auslegen.&nbsp;<\/p>\n<\/div>\n\n\n\n<div class=\"wp-block-column is-layout-flow wp-block-column-is-layout-flow\">\n<h3 class=\"wp-block-heading\">Mitmachen<\/h3>\n\n\n\n<p>Mach mit beim Aikido-Training und erlebe die faszinierende Welt des Aikido im Aikidojo Stuttgart e.V.!<br>Egal ob du Anf\u00e4nger oder Fortgeschrittener bist, ob jung oder alt, bei uns bist du richtig. Hilfreich sind eine gewisse Offenheit und Neugier und nat\u00fcrlich Lust auf Bewegung.<br>Als Trainingskleidung reichen f\u00fcr den Anfang<br>\u2022eine bequeme Sporthose und<br>\u2022ein T-Shirt oder Sportshirt.<br>Die ersten Schnuppertrainings sind kostenlos.&nbsp;<br>Kommt gerne einfach vorbei!<br>Bei weiteren Fragen sind wir auch telefonisch erreichbar:<br>0176 \/ 416 57 668<br>oder per unser <a href=\"https:\/\/aikidojo-stuttgart.de\/en\/kontakt\/\" data-type=\"page\" data-id=\"44\">Kontaktformular<\/a>.<\/p>\n\n\n\n<p>Auch hilfreich ist unsere Seite f\u00fcr <a href=\"https:\/\/aikidojo-stuttgart.de\/en\/etikette-und-regeln\/\" data-type=\"page\" data-id=\"55\">Etikette und Regeln.<\/a><\/p>\n<\/div>\n<\/div>\n\n\n\n<h2 class=\"wp-block-heading\">Unsere Lehrer<\/h2>\n\n\n\n<div class=\"wp-block-columns is-layout-flex wp-container-core-columns-is-layout-28f84493 wp-block-columns-is-layout-flex\">\n<div class=\"wp-block-column is-layout-flow wp-block-column-is-layout-flow\">\n<h3 class=\"wp-block-heading\">Arda Dasch <\/h3>\n\n\n\n<h4 class=\"wp-block-heading\">(2. Dan)<\/h4>\n\n\n\n<figure class=\"wp-block-image size-full\"><img loading=\"lazy\" decoding=\"async\" width=\"300\" height=\"300\" src=\"http:\/\/aikidojo-stuttgart.de\/wp-content\/uploads\/2025\/04\/aikidojo_arda.jpg\" alt=\"Ein Mann mit kurzen, dunklen lockigen Haaren l\u00e4chelt sanft. Er tr\u00e4gt einen wei\u00dfen Karate-Gi, eine traditionelle Uniform. Hinter ihm befindet sich eine Wand mit Glasbausteinen und eine Schriftrolle mit asiatischen Schriftzeichen. Die Umgebung scheint drinnen zu sein, m\u00f6glicherweise ein Dojo oder ein Trainingsbereich f\u00fcr Kampfsport.\" class=\"wp-image-22\" srcset=\"https:\/\/aikidojo-stuttgart.de\/wp-content\/uploads\/2025\/04\/aikidojo_arda.jpg 300w, https:\/\/aikidojo-stuttgart.de\/wp-content\/uploads\/2025\/04\/aikidojo_arda-150x150.jpg 150w\" sizes=\"auto, (max-width: 300px) 100vw, 300px\" \/><\/figure>\n\n\n\n<blockquote class=\"wp-block-quote is-layout-flow wp-block-quote-is-layout-flow\">\n<p>\u201cAikido ist eine Schule f\u00fcr alle Sinne &#8211; die k\u00f6rperlichen wie auch die geistigen. Das Innere und das \u00c4u\u00dfere m\u00fcssen harmonisieren, sodass mein Aikido mit meinem Partner harmonisieren kann.&#8220;<\/p>\n\n\n\n<p>Arda hat 2013 unter Jules McGough (5. Dan) sein Aikido-Studium begonnen. 2016 ist er als Uchi Deshi (Sch\u00fcler, der im Dojo lebt) nach Montreal gegangen und hat dort 6 Monate bei Claude Berthiaume Shihan (8. Dan) Aikido und Iaido studiert. Arda h\u00e4lt den 2. Dan (Aikikai).<\/p>\n<\/blockquote>\n<\/div>\n\n\n\n<div class=\"wp-block-column is-layout-flow wp-block-column-is-layout-flow\">\n<h3 class=\"wp-block-heading\">Sally Joyce Presser-Valderrama<\/h3>\n\n\n\n<h4 class=\"wp-block-heading\">(2. Dan)<\/h4>\n\n\n\n<figure class=\"wp-block-image size-full\"><img loading=\"lazy\" decoding=\"async\" width=\"300\" height=\"300\" src=\"http:\/\/aikidojo-stuttgart.de\/wp-content\/uploads\/2025\/04\/SallyHAInstructor300-1.jpg\" alt=\"Sally, Eine Frau mit langen, zu einem Pferdeschwanz gebundenen braunen Haaren, l\u00e4chelt herzlich. Sie tr\u00e4gt einen wei\u00dfen Kampfkunst-Gi. Ihr Gesichtsausdruck ist fr\u00f6hlich und entspannt, mit leicht zusammengekniffenen Augen in freundlicher Weise. Der Hintergrund ist eine schlichte, hellfarbige Wand.\" class=\"wp-image-134\" srcset=\"https:\/\/aikidojo-stuttgart.de\/wp-content\/uploads\/2025\/04\/SallyHAInstructor300-1.jpg 300w, https:\/\/aikidojo-stuttgart.de\/wp-content\/uploads\/2025\/04\/SallyHAInstructor300-1-150x150.jpg 150w\" sizes=\"auto, (max-width: 300px) 100vw, 300px\" \/><\/figure>\n\n\n\n<blockquote class=\"wp-block-quote is-layout-flow wp-block-quote-is-layout-flow\">\n<p>\u201cF\u00fcr mich bedeutet Aikido, dass ich lerne, mich in Stress und Chaos zu entspannen und mich selbst und andere vor Schaden zu bewahren, sei es physisch, sozial oder psychisch.\u201d<\/p>\n\n\n\n<p>Sally begann Aikido als Studentin am Harvard Aikikai im Jahr 2009 unter Sioux Hall-shihan, einem Sch\u00fcler eine Sch\u00fclerin von Mitsunari Kanai-shihan, selbst ein direkter Sch\u00fcler von O Sensei. Im Jahr 2018 begann sie am Harvard Aikikai zu unterrichten und wurde sp\u00e4ter Gastlehrerin am New England Aikikai. Seit 2021 und ihrem Umzug nach Deutschland praktiziert sie im Aikidojo Stuttgart und freut sich, ab 2024 wieder zu unterrichten. Sie genie\u00dft es besonders, Sch\u00fcler zu unterrichten, die nicht dem Stereotyp eines Kampfsportlers entsprechen, um die gro\u00dfz\u00fcgige Lehre von Hall-shihan und anderen in der breiteren Aikido-Gemeinschaft weiterzugeben, die ihren eigenen Start im Aikido erm\u00f6glicht haben.<\/p>\n<\/blockquote>\n<\/div>\n<\/div>\n\n\n\n<p><\/p>","protected":false},"excerpt":{"rendered":"<p>Wir trainieren in der Altenburg Gemeinschaftsschule. Trainingsort Wir trainieren in der wundersch\u00f6nen Turnhalle der Altenburg Gemeinschaftsschule. Die Schule ist unweit vom R\u00f6merkastell und gut mit der U6, U13 (Haltestelle Glockenstr.) [&hellip;]<\/p>\n","protected":false},"author":1,"featured_media":0,"parent":0,"menu_order":0,"comment_status":"closed","ping_status":"closed","template":"","meta":{"_EventAllDay":false,"_EventTimezone":"","_EventStartDate":"","_EventEndDate":"","_EventStartDateUTC":"","_EventEndDateUTC":"","_EventShowMap":false,"_EventShowMapLink":false,"_EventURL":"","_EventCost":"","_EventCostDescription":"","_EventCurrencySymbol":"","_EventCurrencyCode":"","_EventCurrencyPosition":"","_EventDateTimeSeparator":"","_EventTimeRangeSeparator":"","_EventOrganizerID":[],"_EventVenueID":[],"_OrganizerEmail":"","_OrganizerPhone":"","_OrganizerWebsite":"","_VenueAddress":"","_VenueCity":"","_VenueCountry":"","_VenueProvince":"","_VenueState":"","_VenueZip":"","_VenuePhone":"","_VenueURL":"","_VenueStateProvince":"","_VenueLat":"","_VenueLng":"","_VenueShowMap":false,"_VenueShowMapLink":false,"footnotes":""},"class_list":["post-52","page","type-page","status-publish","hentry"],"post_mailing_queue_ids":[],"_links":{"self":[{"href":"https:\/\/aikidojo-stuttgart.de\/en\/wp-json\/wp\/v2\/pages\/52","targetHints":{"allow":["GET"]}}],"collection":[{"href":"https:\/\/aikidojo-stuttgart.de\/en\/wp-json\/wp\/v2\/pages"}],"about":[{"href":"https:\/\/aikidojo-stuttgart.de\/en\/wp-json\/wp\/v2\/types\/page"}],"author":[{"embeddable":true,"href":"https:\/\/aikidojo-stuttgart.de\/en\/wp-json\/wp\/v2\/users\/1"}],"replies":[{"embeddable":true,"href":"https:\/\/aikidojo-stuttgart.de\/en\/wp-json\/wp\/v2\/comments?post=52"}],"version-history":[{"count":19,"href":"https:\/\/aikidojo-stuttgart.de\/en\/wp-json\/wp\/v2\/pages\/52\/revisions"}],"predecessor-version":[{"id":459,"href":"https:\/\/aikidojo-stuttgart.de\/en\/wp-json\/wp\/v2\/pages\/52\/revisions\/459"}],"wp:attachment":[{"href":"https:\/\/aikidojo-stuttgart.de\/en\/wp-json\/wp\/v2\/media?parent=52"}],"curies":[{"name":"wp","href":"https:\/\/api.w.org\/{rel}","templated":true}]}}