{"id":55,"date":"2025-04-14T21:07:32","date_gmt":"2025-04-14T21:07:32","guid":{"rendered":"http:\/\/aikidojo-stuttgart.test\/?page_id=55"},"modified":"2025-04-14T21:07:32","modified_gmt":"2025-04-14T21:07:32","slug":"etikette-und-regeln","status":"publish","type":"page","link":"https:\/\/aikidojo-stuttgart.de\/en\/etikette-und-regeln\/","title":{"rendered":"Etikette und Regeln"},"content":{"rendered":"<h1 class=\"wp-block-heading\">Dojo Etikette \/ Dojo \u2013 Regeln<\/h1>\n\n\n\n<p>Diese Regeln stellen eine Grundlage jedes Kampfkunsttrainings dar. Sie sch\u00fctzen vor Verletzungen und sichern den respektvollen Umgang zwischen den Trainierenden, aber auch mit dem ben\u00f6tigten Ger\u00e4t sowie den R\u00e4umlichkeiten..<\/p>\n\n\n\n<ol class=\"wp-block-list\">\n<li>Beim Betreten und Verlassen des Dojos (Trainingshalle) sowie der Tatami (Matten) verbeuge Dich! Die Verbeugung ist ein Zeichen von Respekt gegen\u00fcber der Kunst und deren Begr\u00fcndern. Der Gru\u00df ist k\u00f6rperlich und geistig auszuf\u00fchren.<\/li>\n\n\n\n<li>In unserem Dojo gehen wir respektvoll, h\u00f6flich und achtsam miteinander um, jeder Aikidoka soll sich wohlf\u00fchlen und sich auf das Aikido Training konzentrieren k\u00f6nnen.<\/li>\n\n\n\n<li>In den R\u00e4umen des Dojos sollen Zori (Sandalen) oder andere Schuhe f\u00fcr den Innenbereich getragen werden. Auf den Matten wird barfu\u00df (oder mit Socken) trainiert. So tr\u00e4gst du mit deinen F\u00fc\u00dfen keinen Schmutz auf die Matte.<\/li>\n\n\n\n<li>Die Trainingskleidung soll sauber und hygienisch sein. Finger- und Zehenn\u00e4gel sollen wegen der Verletzungsgefahr kurz geschnitten sein und Schmuck, Uhren oder Ringe abgelegt bzw. abgeklebt werden. Auf k\u00f6rperliche Hygiene wird ebenso geachtet.<\/li>\n\n\n\n<li>Bitte komm p\u00fcnktlich zum Training! Bei zu sp\u00e4tem Erscheinen warte kniend im Seiza am Mattenrand und warte auf die Aufforderung des Lehrers.<\/li>\n\n\n\n<li>Vor und nach dem Training, solltest du dich kurz verbeugen. Auch ganz am Ende des Trainings ist es \u00fcblich, sich noch einmal bei allen, mit denen man trainiert hat, mit einer kurzen Verbeugung zu bedanken.<\/li>\n\n\n\n<li>Vor und nach dem Training legen wir die Trainingsmatten (Tatami) aus und richten den Trainingsraum ein. Jeder Aikidoka soll sich beteiligen und mithelfen.\u00a0<\/li>\n\n\n\n<li>Wenn du noch Fragen hast, dann ziere dich nicht den Lehrer, Sensei oder einen Senpei zu fragen.<\/li>\n<\/ol>","protected":false},"excerpt":{"rendered":"<p>Dojo Etikette \/ Dojo \u2013 Regeln Diese Regeln stellen eine Grundlage jedes Kampfkunsttrainings dar. Sie sch\u00fctzen vor Verletzungen und sichern den respektvollen Umgang zwischen den Trainierenden, aber auch mit dem [&hellip;]<\/p>\n","protected":false},"author":1,"featured_media":0,"parent":0,"menu_order":0,"comment_status":"closed","ping_status":"closed","template":"","meta":{"_EventAllDay":false,"_EventTimezone":"","_EventStartDate":"","_EventEndDate":"","_EventStartDateUTC":"","_EventEndDateUTC":"","_EventShowMap":false,"_EventShowMapLink":false,"_EventURL":"","_EventCost":"","_EventCostDescription":"","_EventCurrencySymbol":"","_EventCurrencyCode":"","_EventCurrencyPosition":"","_EventDateTimeSeparator":"","_EventTimeRangeSeparator":"","_EventOrganizerID":[],"_EventVenueID":[],"_OrganizerEmail":"","_OrganizerPhone":"","_OrganizerWebsite":"","_VenueAddress":"","_VenueCity":"","_VenueCountry":"","_VenueProvince":"","_VenueState":"","_VenueZip":"","_VenuePhone":"","_VenueURL":"","_VenueStateProvince":"","_VenueLat":"","_VenueLng":"","_VenueShowMap":false,"_VenueShowMapLink":false,"footnotes":""},"class_list":["post-55","page","type-page","status-publish","hentry"],"post_mailing_queue_ids":[],"_links":{"self":[{"href":"https:\/\/aikidojo-stuttgart.de\/en\/wp-json\/wp\/v2\/pages\/55","targetHints":{"allow":["GET"]}}],"collection":[{"href":"https:\/\/aikidojo-stuttgart.de\/en\/wp-json\/wp\/v2\/pages"}],"about":[{"href":"https:\/\/aikidojo-stuttgart.de\/en\/wp-json\/wp\/v2\/types\/page"}],"author":[{"embeddable":true,"href":"https:\/\/aikidojo-stuttgart.de\/en\/wp-json\/wp\/v2\/users\/1"}],"replies":[{"embeddable":true,"href":"https:\/\/aikidojo-stuttgart.de\/en\/wp-json\/wp\/v2\/comments?post=55"}],"version-history":[{"count":1,"href":"https:\/\/aikidojo-stuttgart.de\/en\/wp-json\/wp\/v2\/pages\/55\/revisions"}],"predecessor-version":[{"id":168,"href":"https:\/\/aikidojo-stuttgart.de\/en\/wp-json\/wp\/v2\/pages\/55\/revisions\/168"}],"wp:attachment":[{"href":"https:\/\/aikidojo-stuttgart.de\/en\/wp-json\/wp\/v2\/media?parent=55"}],"curies":[{"name":"wp","href":"https:\/\/api.w.org\/{rel}","templated":true}]}}