{"id":60,"date":"2025-03-22T10:45:13","date_gmt":"2025-03-22T10:45:13","guid":{"rendered":"http:\/\/aikidojo-stuttgart.test\/?page_id=60"},"modified":"2026-01-25T17:51:28","modified_gmt":"2026-01-25T16:51:28","slug":"home","status":"publish","type":"page","link":"https:\/\/aikidojo-stuttgart.de\/en\/","title":{"rendered":"Home"},"content":{"rendered":"<div class=\"wp-block-columns is-layout-flex wp-container-core-columns-is-layout-28f84493 wp-block-columns-is-layout-flex\">\n<div class=\"wp-block-column is-layout-flow wp-block-column-is-layout-flow\">\n<h1 class=\"wp-block-heading\">Herzlich willkommen bei Aikidojo Stuttgart e.V.<\/h1>\n\n\n\n<div style=\"height:100px\" aria-hidden=\"true\" class=\"wp-block-spacer\"><\/div>\n\n\n<ul class=\"wp-block-latest-posts__list has-dates wp-block-latest-posts\"><li><a class=\"wp-block-latest-posts__post-title\" href=\"https:\/\/aikidojo-stuttgart.de\/en\/ferien\/1-mai-feiertag\/\">1. Mai Feiertag<\/a><time datetime=\"2026-04-26T17:31:58+02:00\" class=\"wp-block-latest-posts__post-date\">April 26, 2026<\/time><div class=\"wp-block-latest-posts__post-excerpt\">Aufgrund des Feiertags am 1. Mai findet am Freitag kein Training statt.<\/div><\/li>\n<li><a class=\"wp-block-latest-posts__post-title\" href=\"https:\/\/aikidojo-stuttgart.de\/en\/ferien\/osterferien-2026\/\">Osterferien 2026<\/a><time datetime=\"2026-03-29T19:29:09+02:00\" class=\"wp-block-latest-posts__post-date\">March 29, 2026<\/time><div class=\"wp-block-latest-posts__post-excerpt\">Vom 29.03 bis 12.04 wird kein Training stattfinden, da die Altenburg-Schule auf Grund der Osterferien geschlossen ist. Das n\u00e4chste regul\u00e4re Training findet am Dienstag dem 14.04 statt. Wir w\u00fcnschen euch frohe Ostern und freuen uns euch bald wieder auf der Matte zu sehen! Am Dienstag gibt es im Kurpark ab 18:30 Waffentraining<\/div><\/li>\n<li><a class=\"wp-block-latest-posts__post-title\" href=\"https:\/\/aikidojo-stuttgart.de\/en\/uncategorized\/wichtige-aenderung-unser-verein-hat-ein-neues-vereinskonto\/\">Wichtige \u00c4nderung: Unser Verein hat ein neues Vereinskonto!<\/a><time datetime=\"2026-03-27T21:34:45+01:00\" class=\"wp-block-latest-posts__post-date\">March 27, 2026<\/time><div class=\"wp-block-latest-posts__post-excerpt\">Liebe Mitglieder, liebe Aikidokas, wir freuen uns, euch heute eine wichtige Neuerung mitteilen zu k\u00f6nnen: Unser Verein f\u00fchrt ab sofort ein&nbsp;eigenes Vereinskonto. Dieser Schritt ist ein bedeutender Teil unserer Professionalisierung. Ein eigenst\u00e4ndiges Konto sorgt f\u00fcr maximale\u00a0Transparenz, eine klare Trennung der Finanzen und erleichtert unserem Schatzmeister (Arda) die t\u00e4gliche Arbeit enorm. Was \u00e4ndert sich f\u00fcr euch?\u2026 <a class=\"wp-block-latest-posts__read-more\" href=\"https:\/\/aikidojo-stuttgart.de\/en\/uncategorized\/wichtige-aenderung-unser-verein-hat-ein-neues-vereinskonto\/\" rel=\"noopener noreferrer\">Read more<span class=\"screen-reader-text\">: Wichtige \u00c4nderung: Unser Verein hat ein neues Vereinskonto!<\/span><\/a><\/div><\/li>\n<li><a class=\"wp-block-latest-posts__post-title\" href=\"https:\/\/aikidojo-stuttgart.de\/en\/training\/kein-training-am-13-03\/\">Kein Training am 13.03<\/a><time datetime=\"2026-03-11T20:11:35+01:00\" class=\"wp-block-latest-posts__post-date\">March 11, 2026<\/time><div class=\"wp-block-latest-posts__post-excerpt\">Am kommenden Freitag 13.03 findet kein Training statt. Daf\u00fcr gibt es aber den Lehrgang mit Peter van Marcke Sensei in Esslingen. Hoffentlich sehen wir uns dort!<\/div><\/li>\n<li><a class=\"wp-block-latest-posts__post-title\" href=\"https:\/\/aikidojo-stuttgart.de\/en\/ferien\/faschingsferien\/\">Faschingsferien<\/a><time datetime=\"2026-02-15T19:32:49+01:00\" class=\"wp-block-latest-posts__post-date\">February 15, 2026<\/time><div class=\"wp-block-latest-posts__post-excerpt\">Auf Grund der Faschingsferien findet am 17.02 und 20.02 kein Training statt.<\/div><\/li>\n<\/ul>\n\n\n<div style=\"height:100px\" aria-hidden=\"true\" class=\"wp-block-spacer\"><\/div>\n\n\n\n<p>Unser Verein bietet die M\u00f6glichkeit, K\u00f6rper und Geist in Einklang zu bringen. Wir sind ein traditioneller Aikido-Verein, der sich der AIKIKAI-Schule verschrieben hat, in direkter Tradition des Begr\u00fcnders O-Sensei Morihei Ueshiba.<br>Unser Training ist auf Partner\u00fcbungen ausgelegt, in denen sich die \u00dcbenden gegenseitig unterst\u00fctzen und Respekt zeigen. Das macht das Training f\u00fcr Anf\u00e4nger genauso geeignet wie f\u00fcr Fortgeschrittene. Das Training richtet sich an alle Altersklassen. Unser Ziel ist es, dabei zu helfen, Bewegungen zu perfektionieren, Flexibilit\u00e4t und Kraft zu erh\u00f6hen sowie die Konzentration zu verbessern.<br>Wir hei\u00dfen alle, die gerne Sport treiben und Aikido ausprobieren m\u00f6chten willkommen. Wir bieten kostenlose Probestunden an, um die Bewegungen, Methoden und die Gruppe kennenzulernen und sich von der positiven Wirkung des Aikido-Trainings \u00fcberzeugen zu k\u00f6nnen.<br>Komm einfach vorbei und besuche uns in <a href=\"https:\/\/aikidojo-stuttgart.de\/en\/training\/\" data-type=\"page\" data-id=\"52\">unserem Dojo in Stuttgart<\/a>. Unser Team aus erfahrenen Trainern und Mitgliedern freut sich darauf, dich in die faszinierende <a href=\"https:\/\/aikidojo-stuttgart.de\/en\/ueber-aikido\/\" data-type=\"page\" data-id=\"45\">Welt des Aikido <\/a>einzuf\u00fchren.<br>Worauf wartest du noch? Nutze die Chance und komm einfach vorbei!<\/p>\n<\/div>\n\n\n\n<div class=\"wp-block-column is-layout-flow wp-block-column-is-layout-flow\">\n<figure class=\"wp-block-gallery has-nested-images columns-default is-cropped wp-block-gallery-1 is-layout-flex wp-block-gallery-is-layout-flex\">\n<figure class=\"wp-block-image size-large\"><img loading=\"lazy\" decoding=\"async\" width=\"1024\" height=\"576\" data-id=\"15\" src=\"https:\/\/aikidojo-stuttgart.de\/wp-content\/uploads\/2025\/04\/aikidojo_02-1024x576.jpg\" alt=\"\" class=\"wp-image-15\" srcset=\"https:\/\/aikidojo-stuttgart.de\/wp-content\/uploads\/2025\/04\/aikidojo_02-1024x576.jpg 1024w, https:\/\/aikidojo-stuttgart.de\/wp-content\/uploads\/2025\/04\/aikidojo_02-300x169.jpg 300w, https:\/\/aikidojo-stuttgart.de\/wp-content\/uploads\/2025\/04\/aikidojo_02-768x432.jpg 768w, https:\/\/aikidojo-stuttgart.de\/wp-content\/uploads\/2025\/04\/aikidojo_02.jpg 1200w\" sizes=\"auto, (max-width: 1024px) 100vw, 1024px\" \/><\/figure>\n\n\n\n<figure class=\"wp-block-image size-large\"><img loading=\"lazy\" decoding=\"async\" width=\"819\" height=\"1024\" data-id=\"123\" src=\"https:\/\/aikidojo-stuttgart.de\/wp-content\/uploads\/2025\/04\/DSC4219-819x1024.jpg\" alt=\"\" class=\"wp-image-123\" srcset=\"https:\/\/aikidojo-stuttgart.de\/wp-content\/uploads\/2025\/04\/DSC4219-819x1024.jpg 819w, https:\/\/aikidojo-stuttgart.de\/wp-content\/uploads\/2025\/04\/DSC4219-240x300.jpg 240w, https:\/\/aikidojo-stuttgart.de\/wp-content\/uploads\/2025\/04\/DSC4219-768x960.jpg 768w, https:\/\/aikidojo-stuttgart.de\/wp-content\/uploads\/2025\/04\/DSC4219-1229x1536.jpg 1229w, https:\/\/aikidojo-stuttgart.de\/wp-content\/uploads\/2025\/04\/DSC4219-1638x2048.jpg 1638w, https:\/\/aikidojo-stuttgart.de\/wp-content\/uploads\/2025\/04\/DSC4219-scaled.jpg 2048w\" sizes=\"auto, (max-width: 819px) 100vw, 819px\" \/><\/figure>\n\n\n\n<figure class=\"wp-block-image size-large\"><img loading=\"lazy\" decoding=\"async\" width=\"1024\" height=\"683\" data-id=\"27\" src=\"https:\/\/aikidojo-stuttgart.de\/wp-content\/uploads\/2025\/04\/DSC3940-1024x683.jpg\" alt=\"Zwei M\u00e4nner \u00fcben Aikido in einem Dojo. Sie tragen beide traditionelle wei\u00dfe Kampfkunstuniformen, bekannt als Gi, und einer von ihnen h\u00e4lt einen Holzstab, einen Jo. Der Mann links demonstriert eine Technik an dem Mann rechts. Im Hintergrund befindet sich eine Wand mit Glasbausteinen und eine h\u00e4ngende Schriftrolle mit japanischer Kalligraphie. Zwei weitere Personen sitzen im Vordergrund und beobachten die \u00dcbung.\" class=\"wp-image-27\" srcset=\"https:\/\/aikidojo-stuttgart.de\/wp-content\/uploads\/2025\/04\/DSC3940-1024x683.jpg 1024w, https:\/\/aikidojo-stuttgart.de\/wp-content\/uploads\/2025\/04\/DSC3940-300x200.jpg 300w, https:\/\/aikidojo-stuttgart.de\/wp-content\/uploads\/2025\/04\/DSC3940-768x512.jpg 768w, https:\/\/aikidojo-stuttgart.de\/wp-content\/uploads\/2025\/04\/DSC3940-1536x1024.jpg 1536w, https:\/\/aikidojo-stuttgart.de\/wp-content\/uploads\/2025\/04\/DSC3940-2048x1366.jpg 2048w\" sizes=\"auto, (max-width: 1024px) 100vw, 1024px\" \/><\/figure>\n\n\n\n<figure class=\"wp-block-image size-large\"><img loading=\"lazy\" decoding=\"async\" width=\"1024\" height=\"576\" data-id=\"14\" src=\"https:\/\/aikidojo-stuttgart.de\/wp-content\/uploads\/2025\/04\/aikidojo_01-1024x576.jpg\" alt=\"\" class=\"wp-image-14\" srcset=\"https:\/\/aikidojo-stuttgart.de\/wp-content\/uploads\/2025\/04\/aikidojo_01-1024x576.jpg 1024w, https:\/\/aikidojo-stuttgart.de\/wp-content\/uploads\/2025\/04\/aikidojo_01-300x169.jpg 300w, https:\/\/aikidojo-stuttgart.de\/wp-content\/uploads\/2025\/04\/aikidojo_01-768x432.jpg 768w, https:\/\/aikidojo-stuttgart.de\/wp-content\/uploads\/2025\/04\/aikidojo_01.jpg 1200w\" sizes=\"auto, (max-width: 1024px) 100vw, 1024px\" \/><\/figure>\n\n\n\n<figure class=\"wp-block-image size-large\"><img loading=\"lazy\" decoding=\"async\" width=\"1024\" height=\"576\" data-id=\"18\" src=\"https:\/\/aikidojo-stuttgart.de\/wp-content\/uploads\/2025\/04\/aikidojo_04-1024x576.jpg\" alt=\"\" class=\"wp-image-18\" srcset=\"https:\/\/aikidojo-stuttgart.de\/wp-content\/uploads\/2025\/04\/aikidojo_04-1024x576.jpg 1024w, https:\/\/aikidojo-stuttgart.de\/wp-content\/uploads\/2025\/04\/aikidojo_04-300x169.jpg 300w, https:\/\/aikidojo-stuttgart.de\/wp-content\/uploads\/2025\/04\/aikidojo_04-768x432.jpg 768w, https:\/\/aikidojo-stuttgart.de\/wp-content\/uploads\/2025\/04\/aikidojo_04.jpg 1200w\" sizes=\"auto, (max-width: 1024px) 100vw, 1024px\" \/><\/figure>\n\n\n\n<figure class=\"wp-block-image size-large\"><img loading=\"lazy\" decoding=\"async\" width=\"1200\" height=\"675\" data-id=\"116\" src=\"https:\/\/aikidojo-stuttgart.de\/wp-content\/uploads\/2025\/04\/aikidojo_06-1.jpg\" alt=\"\" class=\"wp-image-116\"\/><\/figure>\n\n\n\n<figure class=\"wp-block-image size-large\"><img loading=\"lazy\" decoding=\"async\" width=\"675\" height=\"1200\" data-id=\"16\" src=\"https:\/\/aikidojo-stuttgart.de\/wp-content\/uploads\/2025\/04\/aikidojo_03.jpg\" alt=\"\" class=\"wp-image-16\"\/><\/figure>\n\n\n\n<figure class=\"wp-block-image size-large\"><img loading=\"lazy\" decoding=\"async\" width=\"1024\" height=\"683\" data-id=\"126\" src=\"http:\/\/aikidojo-stuttgart.de\/wp-content\/uploads\/2025\/04\/IMG_1279-1024x683.jpeg\" alt=\"\" class=\"wp-image-126\" srcset=\"https:\/\/aikidojo-stuttgart.de\/wp-content\/uploads\/2025\/04\/IMG_1279-1024x683.jpeg 1024w, https:\/\/aikidojo-stuttgart.de\/wp-content\/uploads\/2025\/04\/IMG_1279-300x200.jpeg 300w, https:\/\/aikidojo-stuttgart.de\/wp-content\/uploads\/2025\/04\/IMG_1279-768x512.jpeg 768w, https:\/\/aikidojo-stuttgart.de\/wp-content\/uploads\/2025\/04\/IMG_1279-1536x1024.jpeg 1536w, https:\/\/aikidojo-stuttgart.de\/wp-content\/uploads\/2025\/04\/IMG_1279-2048x1365.jpeg 2048w\" sizes=\"auto, (max-width: 1024px) 100vw, 1024px\" \/><\/figure>\n\n\n\n<figure class=\"wp-block-image size-large\"><img loading=\"lazy\" decoding=\"async\" width=\"683\" height=\"1024\" data-id=\"30\" src=\"https:\/\/aikidojo-stuttgart.de\/wp-content\/uploads\/2025\/04\/DSC3987-683x1024.jpg\" alt=\"\" class=\"wp-image-30\" srcset=\"https:\/\/aikidojo-stuttgart.de\/wp-content\/uploads\/2025\/04\/DSC3987-683x1024.jpg 683w, https:\/\/aikidojo-stuttgart.de\/wp-content\/uploads\/2025\/04\/DSC3987-200x300.jpg 200w, https:\/\/aikidojo-stuttgart.de\/wp-content\/uploads\/2025\/04\/DSC3987-768x1152.jpg 768w, https:\/\/aikidojo-stuttgart.de\/wp-content\/uploads\/2025\/04\/DSC3987-1024x1536.jpg 1024w, https:\/\/aikidojo-stuttgart.de\/wp-content\/uploads\/2025\/04\/DSC3987-1365x2048.jpg 1365w, https:\/\/aikidojo-stuttgart.de\/wp-content\/uploads\/2025\/04\/DSC3987-scaled.jpg 1707w\" sizes=\"auto, (max-width: 683px) 100vw, 683px\" \/><\/figure>\n\n\n\n<figure class=\"wp-block-image size-large\"><img loading=\"lazy\" decoding=\"async\" width=\"683\" height=\"1024\" data-id=\"28\" src=\"https:\/\/aikidojo-stuttgart.de\/wp-content\/uploads\/2025\/04\/DSC3957-683x1024.jpg\" alt=\"Zwei Personen \u00fcben Aikido in einem Dojo. Sie tragen traditionelle Kampfkunstuniformen mit wei\u00dfen Oberteilen und schwarzen Hakama-Hosen. Eine Person h\u00e4lt die andere in einer Technik, wobei ihre Arme um den Arm und den Oberk\u00f6rper der anderen Person gewickelt sind. Beide sind barfu\u00df und stehen auf einer Matte. Im Hintergrund gibt es einen gro\u00dfen Spiegel, eine Pflanze und ein Fenster mit Glasbausteinen. Die Umgebung scheint ein Trainingsraum oder Dojo zu sein.\" class=\"wp-image-28\" srcset=\"https:\/\/aikidojo-stuttgart.de\/wp-content\/uploads\/2025\/04\/DSC3957-683x1024.jpg 683w, https:\/\/aikidojo-stuttgart.de\/wp-content\/uploads\/2025\/04\/DSC3957-200x300.jpg 200w, https:\/\/aikidojo-stuttgart.de\/wp-content\/uploads\/2025\/04\/DSC3957-768x1152.jpg 768w, https:\/\/aikidojo-stuttgart.de\/wp-content\/uploads\/2025\/04\/DSC3957-1024x1536.jpg 1024w, https:\/\/aikidojo-stuttgart.de\/wp-content\/uploads\/2025\/04\/DSC3957-1365x2048.jpg 1365w, https:\/\/aikidojo-stuttgart.de\/wp-content\/uploads\/2025\/04\/DSC3957-scaled.jpg 1707w\" sizes=\"auto, (max-width: 683px) 100vw, 683px\" \/><\/figure>\n\n\n\n<figure class=\"wp-block-image size-large\"><img loading=\"lazy\" decoding=\"async\" width=\"1024\" height=\"576\" data-id=\"19\" src=\"https:\/\/aikidojo-stuttgart.de\/wp-content\/uploads\/2025\/04\/aikidojo_05-1024x576.jpg\" alt=\"\" class=\"wp-image-19\" srcset=\"https:\/\/aikidojo-stuttgart.de\/wp-content\/uploads\/2025\/04\/aikidojo_05-1024x576.jpg 1024w, https:\/\/aikidojo-stuttgart.de\/wp-content\/uploads\/2025\/04\/aikidojo_05-300x169.jpg 300w, https:\/\/aikidojo-stuttgart.de\/wp-content\/uploads\/2025\/04\/aikidojo_05-768x432.jpg 768w, https:\/\/aikidojo-stuttgart.de\/wp-content\/uploads\/2025\/04\/aikidojo_05.jpg 1200w\" sizes=\"auto, (max-width: 1024px) 100vw, 1024px\" \/><\/figure>\n\n\n\n<figure class=\"wp-block-image size-large\"><img loading=\"lazy\" decoding=\"async\" width=\"683\" height=\"1024\" data-id=\"26\" src=\"https:\/\/aikidojo-stuttgart.de\/wp-content\/uploads\/2025\/04\/DSC3884-683x1024.jpg\" alt=\"Eine Gruppe von Menschen \u00fcbt Aikido in einem Dojo. Sie tragen traditionelle Kampfsportkleidung mit wei\u00dfen Oberteilen und schwarzen Hakama-Hosen. Die Person im Vordergrund, ein b\u00e4rtiger Mann, h\u00e4lt ein Holzschwert \u00fcber dem Kopf und wirkt konzentriert und engagiert in der \u00dcbung. Hinter ihm halten andere Teilnehmer ebenfalls Holzschwerter und spiegeln seine Bewegungen wider. Der Raum hat eine Spiegelwand, die die Praktizierenden reflektiert, und in der Ecke ist eine Topfpflanze zu sehen. Die Decke hat rechteckige Akustikpaneele, und der Boden ist mit Matten bedeckt.\" class=\"wp-image-26\" srcset=\"https:\/\/aikidojo-stuttgart.de\/wp-content\/uploads\/2025\/04\/DSC3884-683x1024.jpg 683w, https:\/\/aikidojo-stuttgart.de\/wp-content\/uploads\/2025\/04\/DSC3884-200x300.jpg 200w, https:\/\/aikidojo-stuttgart.de\/wp-content\/uploads\/2025\/04\/DSC3884-768x1152.jpg 768w, https:\/\/aikidojo-stuttgart.de\/wp-content\/uploads\/2025\/04\/DSC3884-1024x1536.jpg 1024w, https:\/\/aikidojo-stuttgart.de\/wp-content\/uploads\/2025\/04\/DSC3884-1365x2048.jpg 1365w, https:\/\/aikidojo-stuttgart.de\/wp-content\/uploads\/2025\/04\/DSC3884-scaled.jpg 1707w\" sizes=\"auto, (max-width: 683px) 100vw, 683px\" \/><\/figure>\n\n\n\n<figure class=\"wp-block-image size-large\"><img loading=\"lazy\" decoding=\"async\" width=\"675\" height=\"1200\" data-id=\"115\" src=\"https:\/\/aikidojo-stuttgart.de\/wp-content\/uploads\/2025\/04\/aikidojo_03-2.jpg\" alt=\"\" class=\"wp-image-115\"\/><\/figure>\n\n\n\n<figure class=\"wp-block-image size-large\"><img loading=\"lazy\" decoding=\"async\" width=\"683\" height=\"1024\" data-id=\"31\" src=\"https:\/\/aikidojo-stuttgart.de\/wp-content\/uploads\/2025\/04\/DSC3996-683x1024.jpg\" alt=\"Zwei Personen \u00fcben Kampfsport in einem Dojo. Sie tragen traditionelle Kampfsportkleidung mit wei\u00dfen Oberteilen und schwarzen Hakama Hosen. Die Person rechts h\u00e4lt ein Holzschwert, bekannt als Bokken, w\u00e4hrend die Person links sie anscheinend anleitet oder unterrichtet. Im Hintergrund ist eine Ausstellung mit mehreren Holzschwertern und eine Schriftrolle mit japanischen Schriftzeichen an der Wand zu sehen. Der Raum hat ein sauberes, minimalistisches Design mit wei\u00dfen W\u00e4nden und einem Spiegel, der einen Teil der Szene reflektiert.\" class=\"wp-image-31\" srcset=\"https:\/\/aikidojo-stuttgart.de\/wp-content\/uploads\/2025\/04\/DSC3996-683x1024.jpg 683w, https:\/\/aikidojo-stuttgart.de\/wp-content\/uploads\/2025\/04\/DSC3996-200x300.jpg 200w, https:\/\/aikidojo-stuttgart.de\/wp-content\/uploads\/2025\/04\/DSC3996-768x1152.jpg 768w, https:\/\/aikidojo-stuttgart.de\/wp-content\/uploads\/2025\/04\/DSC3996-1024x1536.jpg 1024w, https:\/\/aikidojo-stuttgart.de\/wp-content\/uploads\/2025\/04\/DSC3996-1365x2048.jpg 1365w, https:\/\/aikidojo-stuttgart.de\/wp-content\/uploads\/2025\/04\/DSC3996-scaled.jpg 1707w\" sizes=\"auto, (max-width: 683px) 100vw, 683px\" \/><\/figure>\n\n\n\n<figure class=\"wp-block-image size-large\"><img loading=\"lazy\" decoding=\"async\" width=\"576\" height=\"1024\" data-id=\"21\" src=\"https:\/\/aikidojo-stuttgart.de\/wp-content\/uploads\/2025\/04\/aikidojo_08-576x1024.jpg\" alt=\"\" class=\"wp-image-21\" srcset=\"https:\/\/aikidojo-stuttgart.de\/wp-content\/uploads\/2025\/04\/aikidojo_08-576x1024.jpg 576w, https:\/\/aikidojo-stuttgart.de\/wp-content\/uploads\/2025\/04\/aikidojo_08-169x300.jpg 169w, https:\/\/aikidojo-stuttgart.de\/wp-content\/uploads\/2025\/04\/aikidojo_08.jpg 675w\" sizes=\"auto, (max-width: 576px) 100vw, 576px\" \/><\/figure>\n\n\n\n<figure class=\"wp-block-image size-large\"><img loading=\"lazy\" decoding=\"async\" width=\"1024\" height=\"576\" data-id=\"20\" src=\"https:\/\/aikidojo-stuttgart.de\/wp-content\/uploads\/2025\/04\/aikidojo_06-1024x576.jpg\" alt=\"\" class=\"wp-image-20\" srcset=\"https:\/\/aikidojo-stuttgart.de\/wp-content\/uploads\/2025\/04\/aikidojo_06-1024x576.jpg 1024w, https:\/\/aikidojo-stuttgart.de\/wp-content\/uploads\/2025\/04\/aikidojo_06-300x169.jpg 300w, https:\/\/aikidojo-stuttgart.de\/wp-content\/uploads\/2025\/04\/aikidojo_06-768x432.jpg 768w, https:\/\/aikidojo-stuttgart.de\/wp-content\/uploads\/2025\/04\/aikidojo_06.jpg 1200w\" sizes=\"auto, (max-width: 1024px) 100vw, 1024px\" \/><\/figure>\n\n\n\n<figure class=\"wp-block-image size-large\"><img loading=\"lazy\" decoding=\"async\" width=\"683\" height=\"1024\" data-id=\"122\" src=\"https:\/\/aikidojo-stuttgart.de\/wp-content\/uploads\/2025\/04\/DSC4156-683x1024.jpg\" alt=\"\" class=\"wp-image-122\" srcset=\"https:\/\/aikidojo-stuttgart.de\/wp-content\/uploads\/2025\/04\/DSC4156-683x1024.jpg 683w, https:\/\/aikidojo-stuttgart.de\/wp-content\/uploads\/2025\/04\/DSC4156-200x300.jpg 200w, https:\/\/aikidojo-stuttgart.de\/wp-content\/uploads\/2025\/04\/DSC4156-768x1152.jpg 768w, https:\/\/aikidojo-stuttgart.de\/wp-content\/uploads\/2025\/04\/DSC4156-1024x1536.jpg 1024w, https:\/\/aikidojo-stuttgart.de\/wp-content\/uploads\/2025\/04\/DSC4156-1365x2048.jpg 1365w, https:\/\/aikidojo-stuttgart.de\/wp-content\/uploads\/2025\/04\/DSC4156-scaled.jpg 1707w\" sizes=\"auto, (max-width: 683px) 100vw, 683px\" \/><\/figure>\n\n\n\n<figure class=\"wp-block-image size-large\"><img loading=\"lazy\" decoding=\"async\" width=\"683\" height=\"1024\" data-id=\"120\" src=\"https:\/\/aikidojo-stuttgart.de\/wp-content\/uploads\/2025\/04\/DSC4048-683x1024.jpg\" alt=\"\" class=\"wp-image-120\" srcset=\"https:\/\/aikidojo-stuttgart.de\/wp-content\/uploads\/2025\/04\/DSC4048-683x1024.jpg 683w, https:\/\/aikidojo-stuttgart.de\/wp-content\/uploads\/2025\/04\/DSC4048-200x300.jpg 200w, https:\/\/aikidojo-stuttgart.de\/wp-content\/uploads\/2025\/04\/DSC4048-768x1152.jpg 768w, https:\/\/aikidojo-stuttgart.de\/wp-content\/uploads\/2025\/04\/DSC4048-1024x1536.jpg 1024w, https:\/\/aikidojo-stuttgart.de\/wp-content\/uploads\/2025\/04\/DSC4048-1365x2048.jpg 1365w, https:\/\/aikidojo-stuttgart.de\/wp-content\/uploads\/2025\/04\/DSC4048-scaled.jpg 1707w\" sizes=\"auto, (max-width: 683px) 100vw, 683px\" \/><\/figure>\n\n\n\n<figure class=\"wp-block-image size-large\"><img loading=\"lazy\" decoding=\"async\" width=\"683\" height=\"1024\" data-id=\"121\" src=\"https:\/\/aikidojo-stuttgart.de\/wp-content\/uploads\/2025\/04\/DSC4151-683x1024.jpg\" alt=\"\" class=\"wp-image-121\" srcset=\"https:\/\/aikidojo-stuttgart.de\/wp-content\/uploads\/2025\/04\/DSC4151-683x1024.jpg 683w, https:\/\/aikidojo-stuttgart.de\/wp-content\/uploads\/2025\/04\/DSC4151-200x300.jpg 200w, https:\/\/aikidojo-stuttgart.de\/wp-content\/uploads\/2025\/04\/DSC4151-768x1152.jpg 768w, https:\/\/aikidojo-stuttgart.de\/wp-content\/uploads\/2025\/04\/DSC4151-1024x1536.jpg 1024w, https:\/\/aikidojo-stuttgart.de\/wp-content\/uploads\/2025\/04\/DSC4151-1365x2048.jpg 1365w, https:\/\/aikidojo-stuttgart.de\/wp-content\/uploads\/2025\/04\/DSC4151-scaled.jpg 1707w\" sizes=\"auto, (max-width: 683px) 100vw, 683px\" \/><\/figure>\n\n\n\n<figure class=\"wp-block-image size-large\"><img loading=\"lazy\" decoding=\"async\" width=\"683\" height=\"1024\" data-id=\"29\" src=\"https:\/\/aikidojo-stuttgart.de\/wp-content\/uploads\/2025\/04\/DSC3965-683x1024.jpg\" alt=\"Zwei M\u00e4nner \u00fcben Aikido in einem Dojo. Beide tragen traditionelle wei\u00dfe Kampfkunstuniformen, bekannt als Gi. Der Mann links ist \u00e4lter, hat kurzes braunes Haar und einen konzentrierten Gesichtsausdruck. Der Mann rechts ist j\u00fcnger, hat kurzes hellbraunes Haar und einen Bart, ebenfalls mit einem intensiven Blick. Sie f\u00fchren eine Technik mit einem Holzschwert oder Stock aus, wobei der \u00e4ltere Mann die Bewegungen des j\u00fcngeren Mannes anleitet. Der Hintergrund ist eine einfache, hellfarbige Wand, die auf einen Innenraum hinweist.\" class=\"wp-image-29\" srcset=\"https:\/\/aikidojo-stuttgart.de\/wp-content\/uploads\/2025\/04\/DSC3965-683x1024.jpg 683w, https:\/\/aikidojo-stuttgart.de\/wp-content\/uploads\/2025\/04\/DSC3965-200x300.jpg 200w, https:\/\/aikidojo-stuttgart.de\/wp-content\/uploads\/2025\/04\/DSC3965-768x1152.jpg 768w, https:\/\/aikidojo-stuttgart.de\/wp-content\/uploads\/2025\/04\/DSC3965-1024x1536.jpg 1024w, https:\/\/aikidojo-stuttgart.de\/wp-content\/uploads\/2025\/04\/DSC3965-1365x2048.jpg 1365w, https:\/\/aikidojo-stuttgart.de\/wp-content\/uploads\/2025\/04\/DSC3965-scaled.jpg 1707w\" sizes=\"auto, (max-width: 683px) 100vw, 683px\" \/><\/figure>\n<\/figure>\n<\/div>\n<\/div>\n\n\n\n<div class=\"wp-block-group has-contrast-color has-text-color has-background has-link-color wp-elements-aec78f40dc1137c2d8ea0ec48e466e3f has-global-padding is-layout-constrained wp-container-core-group-is-layout-091b0950 wp-block-group-is-layout-constrained\" style=\"background-color:#eeeeee;margin-top:var(--wp--preset--spacing--40);margin-bottom:var(--wp--preset--spacing--40);padding-top:var(--wp--preset--spacing--40);padding-right:var(--wp--preset--spacing--40);padding-bottom:var(--wp--preset--spacing--40);padding-left:var(--wp--preset--spacing--40)\">\n<h3 class=\"wp-block-heading has-x-large-font-size\">Neu! Besucht unseren Spreadshirt-Shop:<\/h3>\n\n\n\n<p><a href=\"https:\/\/aikidojo-stuttgart.myspreadshop.de\">https:\/\/aikidojo-stuttgart.myspreadshop.de<\/a><\/p>\n\n\n\n<p>Wenn Ihr coole Aikido-Kleidung kaufen m\u00f6chtet und gleichzeitig unterst\u00fctzen m\u00f6chtet, dann kauft bitte bei uns im Store ein. Wir bekommen einen kleinen Teil des Verkaufspreis auf unser Konto gutgeschrieben.<\/p>\n<\/div>\n\n\n\n<p><\/p>","protected":false},"excerpt":{"rendered":"<p>Herzlich willkommen bei Aikidojo Stuttgart e.V. Unser Verein bietet die M\u00f6glichkeit, K\u00f6rper und Geist in Einklang zu bringen. Wir sind ein traditioneller Aikido-Verein, der sich der AIKIKAI-Schule verschrieben hat, in [&hellip;]<\/p>\n","protected":false},"author":1,"featured_media":0,"parent":0,"menu_order":0,"comment_status":"closed","ping_status":"closed","template":"","meta":{"_EventAllDay":false,"_EventTimezone":"","_EventStartDate":"","_EventEndDate":"","_EventStartDateUTC":"","_EventEndDateUTC":"","_EventShowMap":false,"_EventShowMapLink":false,"_EventURL":"","_EventCost":"","_EventCostDescription":"","_EventCurrencySymbol":"","_EventCurrencyCode":"","_EventCurrencyPosition":"","_EventDateTimeSeparator":"","_EventTimeRangeSeparator":"","_EventOrganizerID":[],"_EventVenueID":[],"_OrganizerEmail":"","_OrganizerPhone":"","_OrganizerWebsite":"","_VenueAddress":"","_VenueCity":"","_VenueCountry":"","_VenueProvince":"","_VenueState":"","_VenueZip":"","_VenuePhone":"","_VenueURL":"","_VenueStateProvince":"","_VenueLat":"","_VenueLng":"","_VenueShowMap":false,"_VenueShowMapLink":false,"footnotes":""},"class_list":["post-60","page","type-page","status-publish","hentry"],"post_mailing_queue_ids":[],"_links":{"self":[{"href":"https:\/\/aikidojo-stuttgart.de\/en\/wp-json\/wp\/v2\/pages\/60","targetHints":{"allow":["GET"]}}],"collection":[{"href":"https:\/\/aikidojo-stuttgart.de\/en\/wp-json\/wp\/v2\/pages"}],"about":[{"href":"https:\/\/aikidojo-stuttgart.de\/en\/wp-json\/wp\/v2\/types\/page"}],"author":[{"embeddable":true,"href":"https:\/\/aikidojo-stuttgart.de\/en\/wp-json\/wp\/v2\/users\/1"}],"replies":[{"embeddable":true,"href":"https:\/\/aikidojo-stuttgart.de\/en\/wp-json\/wp\/v2\/comments?post=60"}],"version-history":[{"count":21,"href":"https:\/\/aikidojo-stuttgart.de\/en\/wp-json\/wp\/v2\/pages\/60\/revisions"}],"predecessor-version":[{"id":462,"href":"https:\/\/aikidojo-stuttgart.de\/en\/wp-json\/wp\/v2\/pages\/60\/revisions\/462"}],"wp:attachment":[{"href":"https:\/\/aikidojo-stuttgart.de\/en\/wp-json\/wp\/v2\/media?parent=60"}],"curies":[{"name":"wp","href":"https:\/\/api.w.org\/{rel}","templated":true}]}}